{"id":760,"date":"2025-06-25T13:33:19","date_gmt":"2025-06-25T13:33:19","guid":{"rendered":"http:\/\/maisonnuveaesthetics.com\/about\/"},"modified":"2026-01-02T20:00:28","modified_gmt":"2026-01-02T20:00:28","slug":"about","status":"publish","type":"page","link":"https:\/\/maisonnuveaesthetics.com\/en\/about\/","title":{"rendered":"Contact"},"content":{"rendered":"<div data-elementor-type=\"wp-page\" data-elementor-id=\"760\" class=\"elementor elementor-760\">\n\t\t\t\t<div class=\"elementor-element elementor-element-a7646f0 e-flex e-con-boxed wpr-particle-no wpr-jarallax-no wpr-parallax-no wpr-sticky-section-no wpr-equal-height-no e-con e-parent\" data-id=\"a7646f0\" data-element_type=\"container\" data-e-type=\"container\" data-settings=\"{&quot;background_background&quot;:&quot;classic&quot;}\">\n\t\t\t\t\t<div class=\"e-con-inner\">\n\t\t\t\t<div class=\"elementor-element elementor-element-8b93e70 elementor-widget elementor-widget-heading\" data-id=\"8b93e70\" data-element_type=\"widget\" data-e-type=\"widget\" data-widget_type=\"heading.default\">\n\t\t\t\t\t<h2 class=\"elementor-heading-title elementor-size-default\">Form Kontakti<\/h2>\t\t\t\t<\/div>\n\t\t\t\t\t<\/div>\n\t\t\t\t<\/div>\n\t\t<div class=\"elementor-element elementor-element-2df3e98 e-flex e-con-boxed wpr-particle-no wpr-jarallax-no wpr-parallax-no wpr-sticky-section-no wpr-equal-height-no e-con e-parent\" data-id=\"2df3e98\" data-element_type=\"container\" data-e-type=\"container\">\n\t\t\t\t\t<div class=\"e-con-inner\">\n\t\t\t\t<div class=\"elementor-element elementor-element-33b62f0 wpr-forms-align-left wpr-forms-submit-left elementor-widget elementor-widget-wpr-forms\" data-id=\"33b62f0\" data-element_type=\"widget\" data-e-type=\"widget\" data-widget_type=\"wpr-forms.default\">\n\t\t\t\t\t<div class=\"wpr-forms-container wpr-custom-chk-radio\"><div class=\"wpforms-container\" id=\"wpforms-4104\"><form id=\"wpforms-form-4104\" class=\"wpforms-validate wpforms-form wpforms-ajax-form\" data-formid=\"4104\" method=\"post\" enctype=\"multipart\/form-data\" action=\"\/en\/wp-json\/wp\/v2\/pages\/760\" data-token=\"58584d3ded416afc266a123308ed86f8\" data-token-time=\"1776943196\" data-trp-original-action=\"\/en\/wp-json\/wp\/v2\/pages\/760\"><noscript class=\"wpforms-error-noscript\">Please enable JavaScript in your browser to complete this form.<\/noscript><div class=\"wpforms-field-container\"><div id=\"wpforms-4104-field_1-container\" class=\"wpforms-field wpforms-field-name\" data-field-id=\"1\"><label class=\"wpforms-field-label\" for=\"wpforms-4104-field_1\">Emri Mbiemri <span class=\"wpforms-required-label\">*<\/span><\/label><input type=\"text\" id=\"wpforms-4104-field_1\" class=\"wpforms-field-medium wpforms-field-required\" name=\"wpforms[fields][1]\" required><\/div>\t\t<div id=\"wpforms-4104-field_4-container\"\n\t\t\tclass=\"wpforms-field wpforms-field-text\"\n\t\t\tdata-field-type=\"text\"\n\t\t\tdata-field-id=\"4\"\n\t\t\t>\n\t\t\t<label class=\"wpforms-field-label\" for=\"wpforms-4104-field_4\" >Mesazhi Emri Mbiemri<\/label>\n\t\t\t<input type=\"text\" id=\"wpforms-4104-field_4\" class=\"wpforms-field-medium\" name=\"wpforms[fields][4]\" >\n\t\t<\/div>\n\t\t<div id=\"wpforms-4104-field_2-container\" class=\"wpforms-field wpforms-field-email\" data-field-id=\"2\"><label class=\"wpforms-field-label\" for=\"wpforms-4104-field_2\">Email <span class=\"wpforms-required-label\">*<\/span><\/label><input type=\"email\" id=\"wpforms-4104-field_2\" class=\"wpforms-field-medium wpforms-field-required\" name=\"wpforms[fields][2]\" spellcheck=\"false\" required><\/div><div id=\"wpforms-4104-field_3-container\" class=\"wpforms-field wpforms-field-textarea\" data-field-id=\"3\"><label class=\"wpforms-field-label\" for=\"wpforms-4104-field_3\">Mesazhi<\/label><textarea id=\"wpforms-4104-field_3\" class=\"wpforms-field-medium\" name=\"wpforms[fields][3]\" ><\/textarea><\/div><script>\n\t\t\t\t( function() {\n\t\t\t\t\tconst style = document.createElement( 'style' );\n\t\t\t\t\tstyle.appendChild( document.createTextNode( '#wpforms-4104-field_4-container { position: absolute !important; overflow: hidden !important; display: inline !important; height: 1px !important; width: 1px !important; z-index: -1000 !important; padding: 0 !important; } #wpforms-4104-field_4-container input { visibility: hidden; } #wpforms-conversational-form-page #wpforms-4104-field_4-container label { counter-increment: none; }' ) );\n\t\t\t\t\tdocument.head.appendChild( style );\n\t\t\t\t\tdocument.currentScript?.remove();\n\t\t\t\t} )();\n\t\t\t<\/script><\/div><!-- .wpforms-field-container --><div class=\"wpforms-submit-container\" ><input type=\"hidden\" name=\"wpforms[id]\" value=\"4104\"><input type=\"hidden\" name=\"page_title\" value=\"\"><input type=\"hidden\" name=\"page_url\" value=\"https:\/\/maisonnuveaesthetics.com\/en\/wp-json\/wp\/v2\/pages\/760\"><input type=\"hidden\" name=\"url_referer\" value=\"\"><button type=\"submit\" name=\"wpforms[submit]\" id=\"wpforms-submit-4104\" class=\"wpforms-submit\" data-alt-text=\"Sending...\" data-submit-text=\"D\u00ebrgo\" aria-live=\"assertive\" value=\"wpforms-submit\">D\u00ebrgo<\/button><img decoding=\"async\" src=\"https:\/\/maisonnuveaesthetics.com\/wp-content\/plugins\/wpforms-lite\/assets\/images\/submit-spin.svg\" class=\"wpforms-submit-spinner\" style=\"display: none;\" width=\"26\" height=\"26\" alt=\"Loading\"><\/div><input type=\"hidden\" name=\"trp-form-language\" value=\"en\"\/><\/form><\/div>  <!-- .wpforms-container --><\/div>\t\t\t\t<\/div>\n\t\t\t\t\t<\/div>\n\t\t\t\t<\/div>\n\t\t<div class=\"elementor-element elementor-element-89c1beb e-con-full e-flex wpr-particle-no wpr-jarallax-no wpr-parallax-no wpr-sticky-section-no wpr-equal-height-no e-con e-parent\" data-id=\"89c1beb\" data-element_type=\"container\" data-e-type=\"container\">\n\t\t<div class=\"elementor-element elementor-element-58ba0a9 e-con-full e-flex wpr-particle-no wpr-jarallax-no wpr-parallax-no wpr-sticky-section-no wpr-equal-height-no e-con e-child\" data-id=\"58ba0a9\" data-element_type=\"container\" data-e-type=\"container\">\n\t\t\t\t<div class=\"elementor-element elementor-element-2c3de20 elementor-widget elementor-widget-image\" data-id=\"2c3de20\" data-element_type=\"widget\" data-e-type=\"widget\" data-widget_type=\"image.default\">\n\t\t\t\t\t\t\t\t\t\t\t\t\t\t\t<img fetchpriority=\"high\" decoding=\"async\" width=\"1319\" height=\"1603\" src=\"https:\/\/maisonnuveaesthetics.com\/wp-content\/uploads\/2025\/11\/IMG_1078.jpeg\" class=\"attachment-full size-full wp-image-2789\" alt=\"\" srcset=\"https:\/\/maisonnuveaesthetics.com\/wp-content\/uploads\/2025\/11\/IMG_1078.jpeg 1319w, https:\/\/maisonnuveaesthetics.com\/wp-content\/uploads\/2025\/11\/IMG_1078-247x300.jpeg 247w, https:\/\/maisonnuveaesthetics.com\/wp-content\/uploads\/2025\/11\/IMG_1078-843x1024.jpeg 843w, https:\/\/maisonnuveaesthetics.com\/wp-content\/uploads\/2025\/11\/IMG_1078-768x933.jpeg 768w, https:\/\/maisonnuveaesthetics.com\/wp-content\/uploads\/2025\/11\/IMG_1078-1264x1536.jpeg 1264w, https:\/\/maisonnuveaesthetics.com\/wp-content\/uploads\/2025\/11\/IMG_1078-10x12.jpeg 10w\" sizes=\"(max-width: 1319px) 100vw, 1319px\" \/>\t\t\t\t\t\t\t\t\t\t\t\t\t\t\t<\/div>\n\t\t\t\t<\/div>\n\t\t<div class=\"elementor-element elementor-element-7c24e7a e-con-full e-flex wpr-particle-no wpr-jarallax-no wpr-parallax-no wpr-sticky-section-no wpr-equal-height-no e-con e-child\" data-id=\"7c24e7a\" data-element_type=\"container\" data-e-type=\"container\">\n\t\t\t\t<div class=\"elementor-element elementor-element-1b12619 elementor-position-top elementor-widget elementor-widget-image-box\" data-id=\"1b12619\" data-element_type=\"widget\" data-e-type=\"widget\" data-widget_type=\"image-box.default\">\n\t\t\t\t\t<div class=\"elementor-image-box-wrapper\"><figure class=\"elementor-image-box-img\"><img decoding=\"async\" width=\"500\" height=\"500\" src=\"https:\/\/maisonnuveaesthetics.com\/wp-content\/uploads\/2025\/12\/location.jpg\" class=\"attachment-full size-full wp-image-4052\" alt=\"\" srcset=\"https:\/\/maisonnuveaesthetics.com\/wp-content\/uploads\/2025\/12\/location.jpg 500w, https:\/\/maisonnuveaesthetics.com\/wp-content\/uploads\/2025\/12\/location-300x300.jpg 300w, https:\/\/maisonnuveaesthetics.com\/wp-content\/uploads\/2025\/12\/location-150x150.jpg 150w, https:\/\/maisonnuveaesthetics.com\/wp-content\/uploads\/2025\/12\/location-12x12.jpg 12w\" sizes=\"(max-width: 500px) 100vw, 500px\" \/><\/figure><div class=\"elementor-image-box-content\"><h3 class=\"elementor-image-box-title\">Adresa<\/h3><p class=\"elementor-image-box-description\">Hyrja E, Kati 6, <br>\nRiver Residence, Tirane<\/p><\/div><\/div>\t\t\t\t<\/div>\n\t\t\t\t<div class=\"elementor-element elementor-element-c562e4e elementor-position-top elementor-widget elementor-widget-image-box\" data-id=\"c562e4e\" data-element_type=\"widget\" data-e-type=\"widget\" data-widget_type=\"image-box.default\">\n\t\t\t\t\t<div class=\"elementor-image-box-wrapper\"><figure class=\"elementor-image-box-img\"><img loading=\"lazy\" decoding=\"async\" width=\"500\" height=\"500\" src=\"https:\/\/maisonnuveaesthetics.com\/wp-content\/uploads\/2025\/12\/time.jpg\" class=\"attachment-full size-full wp-image-4054\" alt=\"\" srcset=\"https:\/\/maisonnuveaesthetics.com\/wp-content\/uploads\/2025\/12\/time.jpg 500w, https:\/\/maisonnuveaesthetics.com\/wp-content\/uploads\/2025\/12\/time-300x300.jpg 300w, https:\/\/maisonnuveaesthetics.com\/wp-content\/uploads\/2025\/12\/time-150x150.jpg 150w, https:\/\/maisonnuveaesthetics.com\/wp-content\/uploads\/2025\/12\/time-12x12.jpg 12w\" sizes=\"(max-width: 500px) 100vw, 500px\" \/><\/figure><div class=\"elementor-image-box-content\"><h3 class=\"elementor-image-box-title\">Oraret e hapjes<\/h3><p class=\"elementor-image-box-description\">E h\u00ebn\u00eb - E shtun\u00eb<br>\n09:00 - 19:00<\/p><\/div><\/div>\t\t\t\t<\/div>\n\t\t\t\t<div class=\"elementor-element elementor-element-7386ed4 elementor-position-top elementor-widget elementor-widget-image-box\" data-id=\"7386ed4\" data-element_type=\"widget\" data-e-type=\"widget\" data-widget_type=\"image-box.default\">\n\t\t\t\t\t<div class=\"elementor-image-box-wrapper\"><figure class=\"elementor-image-box-img\"><img loading=\"lazy\" decoding=\"async\" width=\"500\" height=\"500\" src=\"https:\/\/maisonnuveaesthetics.com\/wp-content\/uploads\/2025\/12\/phone.jpg\" class=\"attachment-full size-full wp-image-4053\" alt=\"\" srcset=\"https:\/\/maisonnuveaesthetics.com\/wp-content\/uploads\/2025\/12\/phone.jpg 500w, https:\/\/maisonnuveaesthetics.com\/wp-content\/uploads\/2025\/12\/phone-300x300.jpg 300w, https:\/\/maisonnuveaesthetics.com\/wp-content\/uploads\/2025\/12\/phone-150x150.jpg 150w, https:\/\/maisonnuveaesthetics.com\/wp-content\/uploads\/2025\/12\/phone-12x12.jpg 12w\" sizes=\"(max-width: 500px) 100vw, 500px\" \/><\/figure><div class=\"elementor-image-box-content\"><h3 class=\"elementor-image-box-title\">Kontakt<\/h3><p class=\"elementor-image-box-description\">+ 355 68 65 55 680 <br>maisonnuveaesthetics@gmail.com<\/p><\/div><\/div>\t\t\t\t<\/div>\n\t\t\t\t<\/div>\n\t\t\t\t<\/div>\n\t\t\t\t<\/div>","protected":false},"excerpt":{"rendered":"<p>Form Kontakti Please enable JavaScript in your browser to complete this form.Emri Mbiemri *Email *Mesazhi D\u00ebrgo Adresa Hyrja E, Kati 6, River Residence, Tirane Oraret e hapjes E h\u00ebn\u00eb &#8211; E shtun\u00eb 09:00 &#8211; 19:00 Kontakt + 355 68 65 55 680 maisonnuveaesthetics@gmail.com<\/p>","protected":false},"author":1,"featured_media":0,"parent":0,"menu_order":0,"comment_status":"closed","ping_status":"closed","template":"","meta":{"_uag_custom_page_level_css":"","site-sidebar-layout":"no-sidebar","site-content-layout":"page-builder","ast-site-content-layout":"full-width-container","site-content-style":"unboxed","site-sidebar-style":"unboxed","ast-global-header-display":"","ast-banner-title-visibility":"","ast-main-header-display":"","ast-hfb-above-header-display":"","ast-hfb-below-header-display":"","ast-hfb-mobile-header-display":"","site-post-title":"disabled","ast-breadcrumbs-content":"","ast-featured-img":"disabled","footer-sml-layout":"","ast-disable-related-posts":"","theme-transparent-header-meta":"enabled","adv-header-id-meta":"","stick-header-meta":"","header-above-stick-meta":"","header-main-stick-meta":"","header-below-stick-meta":"","astra-migrate-meta-layouts":"set","ast-page-background-enabled":"default","ast-page-background-meta":{"desktop":{"background-color":"var(--ast-global-color-4)","background-image":"","background-repeat":"repeat","background-position":"center center","background-size":"auto","background-attachment":"scroll","background-type":"","background-media":"","overlay-type":"","overlay-color":"","overlay-opacity":"","overlay-gradient":""},"tablet":{"background-color":"","background-image":"","background-repeat":"repeat","background-position":"center center","background-size":"auto","background-attachment":"scroll","background-type":"","background-media":"","overlay-type":"","overlay-color":"","overlay-opacity":"","overlay-gradient":""},"mobile":{"background-color":"","background-image":"","background-repeat":"repeat","background-position":"center center","background-size":"auto","background-attachment":"scroll","background-type":"","background-media":"","overlay-type":"","overlay-color":"","overlay-opacity":"","overlay-gradient":""}},"ast-content-background-meta":{"desktop":{"background-color":"var(--ast-global-color-5)","background-image":"","background-repeat":"repeat","background-position":"center center","background-size":"auto","background-attachment":"scroll","background-type":"","background-media":"","overlay-type":"","overlay-color":"","overlay-opacity":"","overlay-gradient":""},"tablet":{"background-color":"var(--ast-global-color-5)","background-image":"","background-repeat":"repeat","background-position":"center center","background-size":"auto","background-attachment":"scroll","background-type":"","background-media":"","overlay-type":"","overlay-color":"","overlay-opacity":"","overlay-gradient":""},"mobile":{"background-color":"var(--ast-global-color-5)","background-image":"","background-repeat":"repeat","background-position":"center center","background-size":"auto","background-attachment":"scroll","background-type":"","background-media":"","overlay-type":"","overlay-color":"","overlay-opacity":"","overlay-gradient":""}},"_joinchat":[],"footnotes":""},"class_list":["post-760","page","type-page","status-publish","hentry"],"aioseo_notices":[],"uagb_featured_image_src":{"full":false,"thumbnail":false,"medium":false,"medium_large":false,"large":false,"1536x1536":false,"2048x2048":false,"trp-custom-language-flag":false},"uagb_author_info":{"display_name":"ivajaupaj@gmail.com","author_link":"https:\/\/maisonnuveaesthetics.com\/en\/author\/ivajaupajgmail-com\/"},"uagb_comment_info":0,"uagb_excerpt":"Form Kontakti Please enable JavaScript in your browser to complete this form.Emri Mbiemri *Email *Mesazhi D\u00ebrgo Adresa Hyrja E, Kati 6, River Residence, Tirane Oraret e hapjes E h\u00ebn\u00eb &#8211; E shtun\u00eb 09:00 &#8211; 19:00 Kontakt + 355 68 65 55 680 maisonnuveaesthetics@gmail.com","_links":{"self":[{"href":"https:\/\/maisonnuveaesthetics.com\/en\/wp-json\/wp\/v2\/pages\/760","targetHints":{"allow":["GET"]}}],"collection":[{"href":"https:\/\/maisonnuveaesthetics.com\/en\/wp-json\/wp\/v2\/pages"}],"about":[{"href":"https:\/\/maisonnuveaesthetics.com\/en\/wp-json\/wp\/v2\/types\/page"}],"author":[{"embeddable":true,"href":"https:\/\/maisonnuveaesthetics.com\/en\/wp-json\/wp\/v2\/users\/1"}],"replies":[{"embeddable":true,"href":"https:\/\/maisonnuveaesthetics.com\/en\/wp-json\/wp\/v2\/comments?post=760"}],"version-history":[{"count":25,"href":"https:\/\/maisonnuveaesthetics.com\/en\/wp-json\/wp\/v2\/pages\/760\/revisions"}],"predecessor-version":[{"id":4831,"href":"https:\/\/maisonnuveaesthetics.com\/en\/wp-json\/wp\/v2\/pages\/760\/revisions\/4831"}],"wp:attachment":[{"href":"https:\/\/maisonnuveaesthetics.com\/en\/wp-json\/wp\/v2\/media?parent=760"}],"curies":[{"name":"wp","href":"https:\/\/api.w.org\/{rel}","templated":true}]}}